{"id":39,"date":"2020-11-06T12:31:55","date_gmt":"2020-11-06T12:31:55","guid":{"rendered":"https:\/\/igualtat.mancohortasud.es\/?page_id=39"},"modified":"2021-03-03T08:33:53","modified_gmt":"2021-03-03T08:33:53","slug":"inicio","status":"publish","type":"page","link":"https:\/\/igualtat.mancohortasud.es\/es\/","title":{"rendered":"Inicio"},"content":{"rendered":"\r\n<figure class=\"wp-block-image size-full\"><img loading=\"lazy\" decoding=\"async\" class=\"alignnone wp-image-2426 size-full\" src=\"https:\/\/igualtat.mancohortasud.es\/wp-content\/uploads\/2021\/03\/manco-horta-sud-1cast.jpg\" alt=\"\" width=\"1200\" height=\"341\" srcset=\"https:\/\/igualtat.mancohortasud.es\/wp-content\/uploads\/2021\/03\/manco-horta-sud-1cast.jpg 1200w, https:\/\/igualtat.mancohortasud.es\/wp-content\/uploads\/2021\/03\/manco-horta-sud-1cast-300x85.jpg 300w, https:\/\/igualtat.mancohortasud.es\/wp-content\/uploads\/2021\/03\/manco-horta-sud-1cast-1024x291.jpg 1024w, https:\/\/igualtat.mancohortasud.es\/wp-content\/uploads\/2021\/03\/manco-horta-sud-1cast-768x218.jpg 768w\" sizes=\"auto, (max-width: 1200px) 100vw, 1200px\" \/><\/figure>\r\n\r\n\r\n\r\n<section class=\"wp-block-uagb-columns uagb-columns__wrap uagb-columns__background-undefined uagb-columns__stack-mobile uagb-columns__valign-undefined uagb-columns__gap-10 alignundefined uagb-block-c6780e67\">\r\n<div class=\"uagb-columns__overlay\">\u00a0<\/div>\r\n<div class=\"uagb-columns__inner-wrap uagb-columns__columns-2\">\r\n<div class=\"wp-block-uagb-column uagb-column__wrap uagb-column__background-image uagb-block-8e7fccf0\">\r\n<div class=\"uagb-column__overlay\">\u00a0<\/div>\r\n<div class=\"uagb-column__inner-wrap\">\r\n<div class=\"wp-block-spacer\" style=\"height: 20px;\" aria-hidden=\"true\">\u00a0<\/div>\r\n\r\n\r\n\r\n<p class=\"has-text-align-center titulo has-huge-font-size\"><a href=\"https:\/\/igualtat.mancohortasud.es\/es\/recursos\/\" target=\"_blank\" rel=\"noreferrer noopener\" data-type=\"URL\" data-id=\"https:\/\/igualtat.mancohortasud.es\/es\/recursos\/\">Recursos<\/a><\/p>\r\n<\/div>\r\n<\/div>\r\n\r\n\r\n\r\n<div class=\"wp-block-uagb-column uagb-column__wrap uagb-column__background-image uagb-block-410d1c87\">\r\n<div class=\"uagb-column__overlay\">\u00a0<\/div>\r\n<div class=\"uagb-column__inner-wrap\">\r\n<div class=\"wp-block-spacer\" style=\"height: 20px;\" aria-hidden=\"true\">\u00a0<\/div>\r\n\r\n\r\n\r\n<p class=\"has-text-align-center titulo has-huge-font-size\"><a href=\"https:\/\/igualtat.mancohortasud.es\/es\/asociaciones\/\" data-type=\"URL\" data-id=\"https:\/\/igualtat.mancohortasud.es\/es\/asociaciones\/\">Asociaciones<\/a><\/p>\r\n<\/div>\r\n<\/div>\r\n<\/div>\r\n<\/section>\r\n\r\n\r\n\r\n<p>Desde la Mancomunitat intermunicipal de l&#8217;Horta Sud os presentamos la plataforma virtual de igualdad que constituye una herramienta de consulta y sensibilizaci\u00f3n en materia de igualdad, a la ciudadan\u00eda y a los ayuntamientos que componen la comarca.<\/p>\r\n\r\n\r\n\r\n<p>La Mancomunitat Horta Sud y los municipios que la componen est\u00e1n realizando grandes esfuerzos de coordinaci\u00f3n que promuevan actuaciones para conseguir la igualdad de oportunidades entre mujeres y hombres y mejoren la prevenci\u00f3n y actuaci\u00f3n en los casos de violencia contra las mujeres.<\/p>\r\n\r\n\r\n\r\n<p>Los objetivos que se persiguen son:<\/p>\r\n\r\n\r\n\r\n<div class=\"wp-block-uagb-icon-list uagb-icon-list__outer-wrap uagb-icon-list__layout-vertical uagb-block-d1959f6e\">\r\n<div class=\"uagb-icon-list__wrap\">\r\n<div class=\"wp-block-uagb-icon-list-child uagb-icon-list-repeater uagb-icon-list__wrapper uagb-block-a197b904\">\r\n<div class=\"uagb-icon-list__content-wrap\">\r\n<div class=\"uagb-icon-list__label-wrap\"><span class=\"uagb-icon-list__label\">Facilitar el conocimiento y el acceso a los recursos especializados tanto en materia de igualdad como en prevenci\u00f3n de violencia contra las mujeres.<\/span><\/div>\r\n<\/div>\r\n<\/div>\r\n\r\n\r\n\r\n<div class=\"wp-block-uagb-icon-list-child uagb-icon-list-repeater uagb-icon-list__wrapper uagb-block-9153f4e4\">\r\n<div class=\"uagb-icon-list__content-wrap\">\r\n<div class=\"uagb-icon-list__label-wrap\"><span class=\"uagb-icon-list__label\">Optimizar la utilizaci\u00f3n de los recursos municipales.<\/span><\/div>\r\n<\/div>\r\n<\/div>\r\n\r\n\r\n\r\n<div class=\"wp-block-uagb-icon-list-child uagb-icon-list-repeater uagb-icon-list__wrapper uagb-block-8d6970ed\">\r\n<div class=\"uagb-icon-list__content-wrap\">\r\n<div class=\"uagb-icon-list__label-wrap\"><span class=\"uagb-icon-list__label\">Mejorar los procesos de coordinaci\u00f3n entre los diferentes recursos municipales.<\/span><\/div>\r\n<\/div>\r\n<\/div>\r\n<\/div>\r\n<\/div>\r\n\r\n\r\n\r\n<p>&nbsp;<\/p>\r\n\r\n\r\n\r\n<p>Desde la Mancomunitat l&#8217;Horta Sud agradecemos a asociaciones y profesionales el trabajo realizado en materia de igualdad y en la mejora de la situaci\u00f3n de las mujeres de nuestra comarca. Confiamos en que esta plataforma contribuya al fortalecimiento de las redes de colaboraci\u00f3n existentes y a la promoci\u00f3n de la igualdad entre mujeres y hombres.<\/p>\r\n\r\n\r\n\r\n<div class=\"wp-block-spacer\" style=\"height: 100px;\" aria-hidden=\"true\">\u00a0<\/div>\r\n","protected":false},"excerpt":{"rendered":"<p>Recursos Asociaciones Desde la Mancomunitat intermunicipal de l&#8217;Horta Sud os presentamos la plataforma virtual de igualdad que constituye una herramienta de consulta y sensibilizaci\u00f3n en materia de igualdad, a la ciudadan\u00eda y a los ayuntamientos que componen la comarca. La Mancomunitat Horta Sud y los municipios que la componen est\u00e1n realizando grandes esfuerzos de coordinaci\u00f3n &hellip;<\/p>\n<p class=\"read-more\"> <a class=\"\" href=\"https:\/\/igualtat.mancohortasud.es\/es\/\"> <span class=\"screen-reader-text\">Inicio<\/span> Leer m\u00e1s &raquo;<\/a><\/p>\n","protected":false},"author":1,"featured_media":0,"parent":0,"menu_order":0,"comment_status":"closed","ping_status":"closed","template":"","meta":{"_acf_changed":false,"_uag_custom_page_level_css":"","footnotes":""},"class_list":["post-39","page","type-page","status-publish","hentry"],"acf":[],"uagb_featured_image_src":{"full":false,"thumbnail":false,"medium":false,"medium_large":false,"large":false,"1536x1536":false,"2048x2048":false},"uagb_author_info":{"display_name":"artefinal","author_link":"https:\/\/igualtat.mancohortasud.es\/es\/author\/artefinal\/"},"uagb_comment_info":0,"uagb_excerpt":"Recursos Asociaciones Desde la Mancomunitat intermunicipal de l&#8217;Horta Sud os presentamos la plataforma virtual de igualdad que constituye una herramienta de consulta y sensibilizaci\u00f3n en materia de igualdad, a la ciudadan\u00eda y a los ayuntamientos que componen la comarca. La Mancomunitat Horta Sud y los municipios que la componen est\u00e1n realizando grandes esfuerzos de coordinaci\u00f3n&hellip;","_links":{"self":[{"href":"https:\/\/igualtat.mancohortasud.es\/es\/wp-json\/wp\/v2\/pages\/39","targetHints":{"allow":["GET"]}}],"collection":[{"href":"https:\/\/igualtat.mancohortasud.es\/es\/wp-json\/wp\/v2\/pages"}],"about":[{"href":"https:\/\/igualtat.mancohortasud.es\/es\/wp-json\/wp\/v2\/types\/page"}],"author":[{"embeddable":true,"href":"https:\/\/igualtat.mancohortasud.es\/es\/wp-json\/wp\/v2\/users\/1"}],"replies":[{"embeddable":true,"href":"https:\/\/igualtat.mancohortasud.es\/es\/wp-json\/wp\/v2\/comments?post=39"}],"version-history":[{"count":16,"href":"https:\/\/igualtat.mancohortasud.es\/es\/wp-json\/wp\/v2\/pages\/39\/revisions"}],"predecessor-version":[{"id":2428,"href":"https:\/\/igualtat.mancohortasud.es\/es\/wp-json\/wp\/v2\/pages\/39\/revisions\/2428"}],"wp:attachment":[{"href":"https:\/\/igualtat.mancohortasud.es\/es\/wp-json\/wp\/v2\/media?parent=39"}],"curies":[{"name":"wp","href":"https:\/\/api.w.org\/{rel}","templated":true}]}}